{"id":64,"date":"2019-10-08T18:52:18","date_gmt":"2019-10-08T16:52:18","guid":{"rendered":"http:\/\/wp13417484.server-he.de\/?page_id=64"},"modified":"2024-02-20T17:17:33","modified_gmt":"2024-02-20T15:17:33","slug":"datenschutz","status":"publish","type":"page","link":"http:\/\/www.grundschule-freinsheim.de\/?page_id=64","title":{"rendered":"Datenschutzerkl\u00e4rung"},"content":{"rendered":"\n<p>Herzlich Willkommen auf der Website der HSG Freinsheim. Wir messen dem Datenschutz gro\u00dfe Bedeutung bei. Die Verarbeitung Ihrer personenbezogenen Daten geschieht unter Beachtung der geltenden datenschutzrechtlichen Vorschriften, insbesondere der Datenschutzgrundverordnung (DSGVO) und der dar\u00fcber hinausgehenden einschl\u00e4gigen nationalen Datenschutzregelungen. Wir erheben und verarbeiten Ihre personenbezogenen Daten, um Ihnen diese Schulhomepage anbieten zu k\u00f6nnen. Diese Erkl\u00e4rung beschreibt, wie und zu welchem Zweck Ihre Daten erfasst und genutzt werden und welche Wahlm\u00f6glichkeiten Sie im Zusammenhang mit pers\u00f6nlichen Daten haben.<\/p>\n\n\n\n<p>Durch Ihre\nVerwendung dieser Webseiten stimmen Sie der Verarbeitung Ihrer\npersonenbezogenen Daten im Umfang und unter den Voraussetzungen\ndieser Datenschutzerkl\u00e4rung zu.<\/p>\n\n\n\n<ol>\n<li>\n\tName und Anschrift des Verantwortlichen\n<\/li>\n<\/ol>\n\n\n\n<p>Der Verantwortliche im Sinne der Datenschutz-Grundverordnung und anderer nationaler Datenschutzgesetze der Mitgliedsstaaten sowie sonstiger datenschutzrechtlicher Bestimmungen ist die:<\/p>\n\n\n\n<p>Hermann-Sinsheimer-Grundschule<\/p>\n\n\n\n<p>Haintorstra\u00dfe 27<\/p>\n\n\n\n<p>67251 Freinsheim<\/p>\n\n\n\n<p>Deutschland<\/p>\n\n\n\n<p>Tel.: 06353\/4209<\/p>\n\n\n\n<p>E-Mail: grundschule-freinsheim@vg-freinsheim.de<\/p>\n\n\n\n<p>Sofern Sie Verarbeitung Ihrer personenbezogenen Daten durch uns nach Ma\u00dfgabe dieser Datenschutzbestimmungen insgesamt oder f\u00fcr einzelne Ma\u00dfnahmen widersprechen wollen, k\u00f6nnen Sie Ihren Widerspruch an den Verantwortlichen sowie an unsere schulische Datenschutzbeauftragte, Frau Eitelmann-Rohr, richten.<\/p>\n\n\n\n<p>Sie k\u00f6nnen diese\nDatenschutzerkl\u00e4rung jederzeit speichern und ausdrucken.<\/p>\n\n\n\n<h4><strong>Name und Anschrift des Datenschutzbeauftragten<\/strong><\/h4>\n\n\n\n<p>Der schulische\nDatenschutzbeauftragte des Verantwortlichen ist:<\/p>\n\n\n\n<p><em>O\u2019Neal,\nSteven<\/em><\/p>\n\n\n\n<p><em>Friedrich-Ebert-Stra\u00dfe\n14<\/em><\/p>\n\n\n\n<p><em>67433\nNeustadt an der Weinstra\u00dfe<\/em><\/p>\n\n\n\n<p><em>Deutschland<\/em><\/p>\n\n\n\n<p><em>Tel.:\n06321 99 2605<\/em><\/p>\n\n\n\n<p><em>E-Mail:\nSteven.Oneal@addnw.rlp.de<\/em><\/p>\n\n\n\n<p><em>Website:\nwww.add.rlp.de<\/em><\/p>\n\n\n\n<h4> Geltungsbereich<\/h4>\n\n\n\n<p>Diese Datenschutzerkl\u00e4rung gilt f\u00fcr das Internet-Angebot der Herrmann-Sinsheimer-Grundschule und die dort angebotenen eigenen Inhalte. F\u00fcr Inhalte anderer Anbieter, auf die z.B. \u00fcber Links verwiesen wird, gelten die dortigen Nutzungsbestimmungen.<\/p>\n\n\n\n<h4>Weiterleitung zu einem anderen Anbieter<\/h4>\n\n\n\n<p>Soweit aus unserem\nAngebot zu Inhalten anderer Anbieter verlinkt wird, unterliegt die\nNutzung dieser Angebote gegebenenfalls anderen Bedingungen als in\ndieser Datenschutzerkl\u00e4rung beschrieben.<\/p>\n\n\n\n<h4>Bei der Technik haben wir Hilfe<\/h4>\n\n\n\n<p> Die inhaltliche Verantwortung liegt bei<em> <\/em>Frau Stefanie Scholz (Schulleitung).<\/p>\n\n\n\n<p>Die redaktionelle Verantwortung liegt bei Frau Anne Thomsen.<\/p>\n\n\n\n<h4> Allgemeines zur Datenverarbeitung<\/h4>\n\n\n\n<ol>\n<li>Umfang\n\tder Verarbeitung personenbezogener Daten\n<\/li>\n<\/ol>\n\n\n\n<p>Wir verarbeiten\npersonenbezogene Daten unserer Nutzer grunds\u00e4tzlich nur, soweit dies\nzur Bereitstellung einer funktionsf\u00e4higen Website sowie unserer\nInhalte und Leistungen erforderlich ist. Die Verarbeitung\npersonenbezogener Daten unserer Nutzer erfolgt regelm\u00e4\u00dfig nur nach\nEinwilligung des Nutzers. Eine Ausnahme gilt in solchen F\u00e4llen, in\ndenen eine vorherige Einholung einer Einwilligung aus tats\u00e4chlichen\nGr\u00fcnden nicht m\u00f6glich ist und die Verarbeitung der Daten durch\ngesetzliche Vorschriften gestattet ist. \n<\/p>\n\n\n\n<h4> Rechtsgrundlage f\u00fcr die Verarbeitung personenbezogener Daten<\/h4>\n\n\n\n<p>Soweit wir f\u00fcr\nVerarbeitungsvorg\u00e4nge personenbezogener Daten eine Einwilligung der\nbetroffenen Person einholen, dient Art.&nbsp;6 Abs.&nbsp;1 lit.&nbsp;a\nEU-Datenschutzgrundverordnung (DSGVO) als Rechtsgrundlage.<\/p>\n\n\n\n<p>Soweit eine\nVerarbeitung personenbezogener Daten zur Erf\u00fcllung einer rechtlichen\nVerpflichtung erforderlich ist, der unser Grundschule unterliegt,\ndient Art.&nbsp;6 Abs.&nbsp;1 lit.&nbsp;c DSGVO als Rechtsgrundlage.<\/p>\n\n\n\n<p>Soweit eine Verarbeitung personenbezogener Daten f\u00fcr die Wahrnehmung einer Aufgabe erforderlich ist, die im \u00f6ffentlichen Interesse liegt oder in Aus\u00fcbung \u00f6ffentlicher Gewalt erfolgt, dient Art.&nbsp;6 Abs.&nbsp;1 lit.&nbsp;e DSGVO als Rechtsgrundlage<\/p>\n\n\n\n<p><strong>Datenl\u00f6schung und Speicherdauer<\/strong><\/p>\n\n\n\n<p>Die\npersonenbezogenen Daten der betroffenen Person werden gel\u00f6scht oder\ngesperrt, sobald der Zweck der Speicherung entf\u00e4llt. Eine\nSpeicherung kann dar\u00fcber hinaus erfolgen, wenn dies durch den\neurop\u00e4ischen oder nationalen Gesetzgeber in unionsrechtlichen\nVerordnungen, Gesetzen oder sonstigen Vorschriften, denen der\nVerantwortliche unterliegt, vorgesehen wurde. Eine Sperrung oder\nL\u00f6schung der Daten erfolgt auch dann, wenn eine durch die genannten\nNormen vorgeschriebene Speicherfrist abl\u00e4uft, es sei denn, dass eine\nErforderlichkeit zur weiteren Speicherung der Daten f\u00fcr einen\nVertragsabschluss oder eine Vertragserf\u00fcllung besteht.Bereitstellung der Website \/ Erstellung von Logfiles (wenn Logfiles vorhanden)<\/p>\n\n\n\n<ol>\n<li>Beschreibung\n\tund Umfang der Datenverarbeitung\n<\/li>\n<\/ol>\n\n\n\n<p>Bei jedem Aufruf\nunserer Internetseite erfasst unser System automatisiert Daten und\nInformationen vom Computersystem des aufrufenden Rechners oder\nMobilger\u00e4tes. Wir erheben, speichern und nutzen dabei Daten \u00fcber\njeden Zugriff auf unser Onlineangebot (sogenannte Serverlogfiles)<\/p>\n\n\n\n<p>Folgende Daten\nwerden hierbei erhoben:<\/p>\n\n\n\n<ol>\n<li><em>Informationen\n\t\u00fcber den Browsertyp und die verwendete Version<\/em>\n\t<\/li>\n\n\n\n<li><em>Das\n\tBetriebssystem des Nutzers<\/em>\n\t<\/li>\n\n\n\n<li><em>Den\n\tInternet-Service-Provider des Nutzers<\/em>\n\t<\/li>\n\n\n\n<li><em>Die\n\tIP-Adresse des Nutzers<\/em>\n\t<\/li>\n\n\n\n<li><em>Datum\n\tund Uhrzeit des Zugriffs<\/em>\n\t<\/li>\n\n\n\n<li><em>Websites,\n\tvon denen das System des Nutzers auf unsere Internetseite gelangt <\/em>\n\t\n\t<\/li>\n\n\n\n<li><em>Websites,\n\tdie vom System des Nutzers \u00fcber unsere Website aufgerufen werden<\/em>\n\t<\/li>\n\n\n\n<li><em>Name\n\tund URL der abgerufenen Datei<\/em>\n\t<\/li>\n\n\n\n<li><em>\u00fcbertragene\n\tDatenmengen<\/em>\n<\/li>\n<\/ol>\n\n\n\n<p><\/p>\n\n\n\n<h4>Rechtsgrundlage f\u00fcr die Datenverarbeitung <em> <\/em><\/h4>\n\n\n\n<p>Rechtsgrundlage f\u00fcr\ndie vor\u00fcbergehende Speicherung der Daten ist Art. 6 Abs. 1 Buchstabe\ne, Abs. 2, Abs. 3 Buchstabe b DSGVO i.V.m. \u00a7 3\nLandesdatenschutzgesetz Rheinland-Pfalz (LDSG). \nZweck der Datenverarbeitung<\/p>\n\n\n\n<p>Die vor\u00fcbergehende\nSpeicherung der IP-Adresse durch das System ist notwendig, um eine\nAuslieferung der Website an den Rechner des Nutzers zu erm\u00f6glichen.\nHierf\u00fcr muss die IP-Adresse des Nutzers f\u00fcr die Dauer der Sitzung\ngespeichert bleiben. \n<\/p>\n\n\n\n<p>Wir nutzen diese\nProtokolldaten ohne Zuordnung zu Ihrer Person oder sonstiger\nProfilerstellung f\u00fcr statistische Auswertungen zum Zweck des\nBetriebs, der Sicherheit und der Optimierung unseres Onlineangebotes,\naber auch zur anonymen Erfassung der Anzahl der Besucher auf unserer\nWebseite sowie zum Umfang und zur Art der Nutzung unserer Webseite\nund Dienste. Aufgrund dieser Informationen k\u00f6nnen wir den\nDatenverkehr analysieren, Fehler suchen und beheben und unsere\nDienste verbessern.<\/p>\n\n\n\n<p>Die Speicherung\nerfolgt somit lediglich, um die Funktionsf\u00e4higkeit der Website\nsicherzustellen. Zudem dienen uns die Daten zur Optimierung der\nWebseite und zur Sicherstellung der Sicherheit unserer\ninformationstechnischen Systeme. Eine Auswertung der Daten zu\nMarketingzwecken findet in diesem Zusammenhang nicht statt. \nDauer der Speicherung<\/p>\n\n\n\n<p>Die Daten werden\ngel\u00f6scht, sobald sie f\u00fcr die Erreichung des Zweckes ihrer Erhebung\nnicht mehr erforderlich sind. Im Falle der Erfassung der Daten zur\nBereitstellung der Webseite ist dies der Fall, wenn die jeweilige\nSitzung beendet ist. Im Falle der Speicherung der Daten in Logfiles\nist dies nach sp\u00e4testens sieben Tagen der Fall. \n<\/p>\n\n\n\n<p>Eine dar\u00fcberhinausgehende Speicherung findet nicht statt.<\/p>\n\n\n\n<p>Die Erfassung der Daten zur Bereitstellung der Website und die Speicherung der Daten in Logfiles ist f\u00fcr den Betrieb der Internetseite zwingend erforderlich. Es besteht folglich seitens des Nutzers keine Widerspruchsm\u00f6glichkeit.  <\/p>\n\n\n\n<p><strong>Verwendung von Cookies (wenn vorhanden<\/strong>)<\/p>\n\n\n\n<p><strong>a) Beschreibung\nund Umfang der Datenverarbeitung<\/strong><\/p>\n\n\n\n<p>Unsere Webseite\nverwendet Cookies. Bei Cookies handelt es sich um Textdateien, die im\nInternetbrowser bzw. vom Internetbrowser auf dem Computersystem des\nNutzers gespeichert werden. Ruft ein Nutzer eine Webseite auf, so\nkann ein Cookie auf dem Betriebssystem des Nutzers gespeichert\nwerden. Dieser Cookie enth\u00e4lt eine charakteristische Zeichenfolge,\ndie eine eindeutige Identifizierung des Browsers beim erneuten\nAufrufen der Website erm\u00f6glicht. \n<\/p>\n\n\n\n<p>Falls eine Verwendung technisch notwendiger Cookies erfolgt:<\/p>\n\n\n\n<p><em>W<\/em>ir setzen Cookies ein, um unsere Website nutzerfreundlicher zu gestalten. Einige Elemente unserer Internetseite erfordern es, dass der aufrufende Browser auch nach einem Seitenwechsel identifiziert werden kann.<em> <\/em> <\/p>\n\n\n\n<p>In den Cookies werden dabei folgende Daten<em> <\/em>gespeichert und \u00fcbermittelt:<\/p>\n\n\n\n<p>Es folgt eine Auflistung der gespeicherten Daten. Beispiele k\u00f6nnen sein:<\/p>\n\n\n\n<ol>\n<li>Spracheinstellungen <\/li>\n\n\n\n<li>Log-In-Informationen <\/li>\n<\/ol>\n\n\n\n<p>Falls zudem eine Verwendung technisch nicht notwendiger Cookies erfolgt:<\/p>\n\n\n\n<p>Wir verwenden auf unserer Webseite dar\u00fcber hinaus Cookies, die eine Analyse des Surfverhaltens der Nutzer erm\u00f6glichen.  <\/p>\n\n\n\n<p>Auf diese Weise k\u00f6nnen Daten \u00fcbermittelt werden.  Diese k\u00f6nnen beispielsweise sein:<\/p>\n\n\n\n<ol>\n<li>Eingegebene Suchbegriffe <\/li>\n\n\n\n<li>H\u00e4ufigkeit von Seitenaufrufen <\/li>\n\n\n\n<li>Inanspruchnahme von Website-Funktionen <\/li>\n\n\n\n<li> Die auf diese Weise erhobenen Daten der Nutzer werden durch technische Vorkehrungen pseudonymisiert. Daher ist eine Zuordnung der Daten zum aufrufenden Nutzer nicht mehr m\u00f6glich. Die Daten werden nicht gemeinsam mit sonstigen personenbezogenen Daten der Nutzer gespeichert.<\/li>\n<\/ol>\n\n\n\n<p>Beim Aufruf unserer Webseite wird der Nutzer \u00fcber die Verwendung von Cookies zu Analysezwecken informiert und seine Einwilligung zur Verarbeitung der in diesem Zusammenhang verwendeten personenbezogenen Daten eingeholt. In diesem Zusammenhang erfolgt auch ein Hinweis auf diese Datenschutzerkl\u00e4rung.  <\/p>\n\n\n\n<p><strong>b)\nRechtsgrundlage f\u00fcr die Datenverarbeitung <\/strong>\n<\/p>\n\n\n\n<p>Die Rechtsgrundlage\nf\u00fcr die Verarbeitung personenbezogener Daten unter Verwendung\n<em>technisch notweniger Cookies<\/em> ist\nArt. 6 Abs. 3 lit. b DSGVO i.V.m. \u00a7 3 LDSG.<\/p>\n\n\n\n<p>Die Rechtsgrundlage\nf\u00fcr die Verarbeitung personenbezogener Daten unter Verwendung von\n<em>Cookies zu Analysezwecken<\/em>\nist bei Vorliegen einer diesbez\u00fcglichen Einwilligung des\nNutzers Art.&nbsp;6 Abs.&nbsp;1 lit.&nbsp;a DSGVO.<\/p>\n\n\n\n<p><strong>c) Zweck der\nDatenverarbeitung<\/strong><\/p>\n\n\n\n<p>Falls eine Verwendung technisch notwendiger Cookies erfolgt:<\/p>\n\n\n\n<p>Der Zweck der Verwendung technisch notwendiger Cookies ist, die Nutzung von Websites f\u00fcr die Nutzer zu vereinfachen. Einige Funktionen unserer Internetseite k\u00f6nnen ohne den Einsatz von Cookies nicht angeboten werden. F\u00fcr diese ist es erforderlich, dass der Browser auch nach einem Seitenwechsel wiedererkannt wird.<\/p>\n\n\n\n<p>F\u00fcr folgende Anwendungen ben\u00f6tigen wir Cookies:<\/p>\n\n\n\n<p><em>Es folgt eine Auflistung der Anwendungen.  <\/em> !<\/p>\n\n\n\n<p>Die durch technisch notwendige Cookies erhobenen Nutzerdaten werden nicht zur Erstellung von Nutzerprofilen verwendet<em>.<\/em><\/p>\n\n\n\n<p>Falls zudem eine Verwendung technisch nicht notwendiger Cookies erfolgt:<\/p>\n\n\n\n<p>Die Verwendung der Analyse-Cookies erfolgt zu dem Zweck, die Qualit\u00e4t unserer Webseite und ihre Inhalte zu verbessern. Durch die Analyse-Cookies erfahren wir, wie die Webseite genutzt wird und k\u00f6nnen so unser Angebot stetig optimieren.<\/p>\n\n\n\n<p> <\/p>\n\n\n\n<p><strong>e) Dauer der\nSpeicherung, Widerspruchs- und Beseitigungsm\u00f6glichkeit<\/strong><\/p>\n\n\n\n<p>Cookies werden auf\ndem Rechner des Nutzers gespeichert und von diesem an unserer Seite\n\u00fcbermittelt. Daher haben Sie als Nutzer auch die volle Kontrolle\n\u00fcber die Verwendung von Cookies. Durch eine \u00c4nderung der\nEinstellungen in Ihrem Internetbrowser k\u00f6nnen Sie die \u00dcbertragung\nvon Cookies deaktivieren oder einschr\u00e4nken. Bereits gespeicherte\nCookies k\u00f6nnen jederzeit gel\u00f6scht werden. Dies kann auch\nautomatisiert erfolgen. Werden Cookies f\u00fcr unsere Webseite\ndeaktiviert, k\u00f6nnen m\u00f6glicherweise nicht mehr alle Funktionen der\nWebsite vollumf\u00e4nglich genutzt werden.<\/p>\n\n\n\n<h4>E-Mail-Kontakt <\/h4>\n\n\n\n<p>Es ist eine Kontaktaufnahme \u00fcber die bereitgestellte E-Mail-Adresse m\u00f6glich. In diesem Fall werden die mit der E-Mail \u00fcbermittelten personenbezogenen Daten des Nutzers gespeichert.  <\/p>\n\n\n\n<p><\/p>\n\n\n\n<p>Es erfolgt in diesem\nZusammenhang keine Weitergabe der Daten an Dritte. Die Daten werden\nausschlie\u00dflich f\u00fcr die Verarbeitung der Konversation verwendet.Rechtsgrundlage f\u00fcr die Datenverarbeitung  <\/p>\n\n\n\n<p>Rechtsgrundlage f\u00fcr\ndie Verarbeitung der Daten, die im Zuge einer \u00dcbersendung einer\nE-Mail \u00fcbermittelt werden, ist Art. 6 Abs. 3 lit. b DSGVO i.V.m. \u00a7\n3 LDSG. \nZweck der Datenverarbeitung<\/p>\n\n\n\n<p><\/p>\n\n\n\n<p>Die Verarbeitung der\npersonenbezogenen Daten aus der Eingabemaske dient uns allein zur\nBearbeitung der Kontaktaufnahme. Im Falle einer Kontaktaufnahme per\nE-Mail liegt hieran auch das erforderliche berechtigte Interesse an\nder Verarbeitung der Daten.<\/p>\n\n\n\n<p>Die sonstigen w\u00e4hrend des Absendevorgangs verarbeiteten personenbezogenen Daten dienen dazu, einen Missbrauch des Kontaktformulars zu verhindern und die Sicherheit unserer informationstechnischen Systeme sicherzustellen.<\/p>\n\n\n\n<p><strong>Dauer der Speicherung<\/strong><\/p>\n\n\n\n<p>Die Daten werden\ngel\u00f6scht, sobald sie f\u00fcr die Erreichung des Zweckes ihrer Erhebung\nnicht mehr erforderlich sind. F\u00fcr die personenbezogenen Daten aus\nder Eingabemaske des Kontaktformulars und diejenigen, die per E-Mail\n\u00fcbersandt wurden, ist dies dann der Fall, wenn die jeweilige\nKonversation mit dem Nutzer beendet ist. \n<\/p>\n\n\n\n<p>Beendet ist die\nKonversation dann, wenn sich aus den Umst\u00e4nden entnehmen l\u00e4sst,\ndass der betroffene Sachverhalt abschlie\u00dfend gekl\u00e4rt ist. \n<\/p>\n\n\n\n<p>Die w\u00e4hrend des Absendevorgangs zus\u00e4tzlich erhobenen personenbezogenen Daten werden sp\u00e4testens nach einer Frist von sieben Tagen gel\u00f6scht.<\/p>\n\n\n\n<p><strong>Widerspruchs- und Beseitigungsm\u00f6glichkeit<\/strong><\/p>\n\n\n\n<p>Der Nutzer hat\njederzeit die M\u00f6glichkeit, seine Einwilligung zur Verarbeitung der\npersonenbezogenen Daten zu widerrufen. Nimmt der Nutzer per E-Mail\nKontakt mit uns auf, so kann er der Speicherung seiner\npersonenbezogenen Daten jederzeit widersprechen. In einem solchen\nFall kann jedoch die Konversation nicht fortgef\u00fchrt werden.<\/p>\n\n\n\n<p>Alle\npersonenbezogenen Daten, die im Zuge der Kontaktaufnahme gespeichert\nwurden, werden in diesem Fall gel\u00f6scht.<\/p>\n\n\n\n<h4>Rechte der betroffenen Person<\/h4>\n\n\n\n<p>Werden personenbezogene Daten von Ihnen verarbeitet, sind Sie Betroffener im Sinne der Datenschutz-Grundverordnung und es stehen Ihnen folgende Rechte gegen\u00fcber dem Verantwortlichen zu:<\/p>\n\n\n\n<p><\/p>\n\n\n\n<p><strong>Auskunftsrecht<\/strong><\/p>\n\n\n\n<p>Sie k\u00f6nnen von dem\nVerantwortlichen eine Best\u00e4tigung dar\u00fcber verlangen, ob\npersonenbezogene Daten, die Sie betreffen, von uns verarbeitet\nwerden. Ist dies der Fall, so haben Sie ein Recht auf umfassende\nAuskunft \u00fcber diese personenbezogenen Daten und auf die in Art. 15\nAbs. 1 DSGVO aufgef\u00fchrten Informationen.<\/p>\n\n\n\n<h4>Recht auf Berichtigung<em> <\/em> <\/h4>\n\n\n\n<p>Sie haben ein Recht\nauf Berichtigung und\/oder Vervollst\u00e4ndigung gegen\u00fcber dem\nVerantwortlichen, sofern die verarbeiteten personenbezogenen Daten,\ndie Sie betreffen, unrichtig oder unvollst\u00e4ndig sind. Der\nVerantwortliche hat die Berichtigung unverz\u00fcglich vorzunehmen.Recht auf Einschr\u00e4nkung der Verarbeitung<\/p>\n\n\n\n<p>Unter den in Art. 18\nDSGVO genannten Voraussetzungen k\u00f6nnen Sie die Einschr\u00e4nkung der\nVerarbeitung der Sie betreffenden personenbezogenen Daten verlangen.<\/p>\n\n\n\n<p>Wurde die Verarbeitung der Sie betreffenden personenbezogenen Daten eingeschr\u00e4nkt, d\u00fcrfen diese Daten \u2013 von ihrer Speicherung abgesehen \u2013 nur mit Ihrer Einwilligung oder zur Geltendmachung, Aus\u00fcbung oder Verteidigung von Rechtsanspr\u00fcchen oder zum Schutz der Rechte einer anderen nat\u00fcrlichen oder juristischen Person oder aus Gr\u00fcnden eines wichtigen \u00f6ffentlichen Interesses der Union oder eines Mitgliedstaats verarbeitet werden.<\/p>\n\n\n\n<p><strong>Recht auf L\u00f6schung<\/strong><\/p>\n\n\n\n<p><strong>L\u00f6schungspflicht <\/strong><\/p>\n\n\n\n<p>Sie k\u00f6nnen unter den in Art. 17 DSGVO genannten Voraussetzungen von dem Verantwortlichen verlangen, dass die Sie betreffenden personenbezogenen Daten unverz\u00fcglich gel\u00f6scht werden.<\/p>\n\n\n\n<p><strong>Information an Dritte<\/strong><\/p>\n\n\n\n<p>Hat der Verantwortliche die Sie betreffenden personenbezogenen Daten \u00f6ffentlich gemacht und ist er gem. Art.&nbsp;17 Abs.&nbsp;1 DSGVO zu deren L\u00f6schung verpflichtet, so trifft er unter Ber\u00fccksichtigung der verf\u00fcgbaren Technologie und der Implementierungskosten angemessene Ma\u00dfnahmen, auch technischer Art, um f\u00fcr die Datenverarbeitung Verantwortliche, die die personenbezogenen Daten verarbeiten, dar\u00fcber zu informieren, dass Sie als betroffene Person von ihnen die L\u00f6schung aller Links zu diesen personenbezogenen Daten oder von Kopien oder Replikationen dieser personenbezogenen Daten verlangt haben.  <\/p>\n\n\n\n<p><strong>Ausnahmen<\/strong><\/p>\n\n\n\n<p>Das Recht auf L\u00f6schung besteht nicht, soweit die Verarbeitung gem\u00e4\u00df der Vorgaben des Art. 17 Abs. 3 DSGVO weiterhin erforderlich ist.<\/p>\n\n\n\n<p><strong>Recht auf Unterrichtung<\/strong><\/p>\n\n\n\n<p>Haben Sie das Recht\nauf Berichtigung, L\u00f6schung oder Einschr\u00e4nkung der Verarbeitung\ngegen\u00fcber dem Verantwortlichen geltend gemacht, ist dieser\nverpflichtet, allen Empf\u00e4ngern, denen die Sie betreffenden\npersonenbezogenen Daten offengelegt wurden, diese Berichtigung oder\nL\u00f6schung der Daten oder Einschr\u00e4nkung der Verarbeitung mitzuteilen,\nes sei denn, dies erweist sich als unm\u00f6glich oder ist mit einem\nunverh\u00e4ltnism\u00e4\u00dfigen Aufwand verbunden. Ihnen steht gegen\u00fcber dem\nVerantwortlichen das Recht zu, \u00fcber diese Empf\u00e4nger unterrichtet zu\nwerden.<\/p>\n\n\n\n<h4><em> <\/em>Widerspruchsrecht<\/h4>\n\n\n\n<p>Sie haben das Recht, aus Gr\u00fcnden, die sich aus ihrer besonderen Situation ergeben, jederzeit gegen die Verarbeitung der Sie betreffenden personenbezogenen Daten, Widerspruch einzulegen. Der Verantwortliche verarbeitet die Sie betreffenden personenbezogenen Daten nicht mehr, es sei denn, er kann zwingende schutzw\u00fcrdige Gr\u00fcnde f\u00fcr die Verarbeitung nachweisen, die Ihre Interessen, Rechte und Freiheiten \u00fcberwiegen, oder die Verarbeitung dient der Geltendmachung, Aus\u00fcbung oder Verteidigung von Rechtsanspr\u00fcchen.<\/p>\n\n\n\n<p><strong>Recht auf Widerruf der datenschutzrechtlichen Einwilligungserkl\u00e4rung<\/strong><\/p>\n\n\n\n<p>Sie haben das Recht,\nIhre datenschutzrechtliche Einwilligungserkl\u00e4rung jederzeit zu\nwiderrufen. Durch den Widerruf der Einwilligung wird die\nRechtm\u00e4\u00dfigkeit der aufgrund der Einwilligung bis zum Widerruf\nerfolgten Verarbeitung nicht ber\u00fchrt.<\/p>\n\n\n\n<h4>Recht auf Beschwerde bei einer Aufsichtsbeh\u00f6rde<\/h4>\n\n\n\n<p>Unbeschadet anderweitiger Rechtsbehelfe steht Ihnen das Recht auf Beschwerde bei einer Aufsichtsbeh\u00f6rde zu, wenn Sie der Ansicht sind, dass die Verarbeitung der Sie betreffenden personenbezogenen Daten gegen geltendes Datenschutzrecht verst\u00f6\u00dft.<\/p>\n\n\n\n<p><strong>Auftragsverarbeitung , keine Daten\u00fcbertragung ins Nicht-EU-Ausland<\/strong><\/p>\n\n\n\n<p>F\u00fcr den Fall, dass\nwir bestimmte Teile der Verarbeitung von personenbezogenen Daten\nauslagern (&#8222;Auftragsverarbeitung&#8220;), verpflichten wir den\nAuftragsverarbeiter vertraglich dazu, personenbezogene Daten nur im\nEinklang mit den Anforderungen der Datenschutzgesetze zu verwenden\nund den Schutz der Rechte der betroffenen Person zu gew\u00e4hrleisten. \n<\/p>\n\n\n\n<p>Eine\nDaten\u00fcbertragung an Stellen oder Personen au\u00dferhalb der EU findet\nnicht statt und ist nicht geplant.<\/p>\n","protected":false},"excerpt":{"rendered":"<p>Herzlich Willkommen auf der Website der HSG Freinsheim. Wir messen dem Datenschutz gro\u00dfe Bedeutung bei. Die Verarbeitung Ihrer personenbezogenen Daten geschieht unter Beachtung der geltenden datenschutzrechtlichen Vorschriften, insbesondere der Datenschutzgrundverordnung (DSGVO) und der dar\u00fcber hinausgehenden einschl\u00e4gigen nationalen Datenschutzregelungen. Wir erheben &hellip; <\/p>\n","protected":false},"author":1,"featured_media":0,"parent":0,"menu_order":0,"comment_status":"closed","ping_status":"closed","template":"","meta":[],"_links":{"self":[{"href":"http:\/\/www.grundschule-freinsheim.de\/index.php?rest_route=\/wp\/v2\/pages\/64"}],"collection":[{"href":"http:\/\/www.grundschule-freinsheim.de\/index.php?rest_route=\/wp\/v2\/pages"}],"about":[{"href":"http:\/\/www.grundschule-freinsheim.de\/index.php?rest_route=\/wp\/v2\/types\/page"}],"author":[{"embeddable":true,"href":"http:\/\/www.grundschule-freinsheim.de\/index.php?rest_route=\/wp\/v2\/users\/1"}],"replies":[{"embeddable":true,"href":"http:\/\/www.grundschule-freinsheim.de\/index.php?rest_route=%2Fwp%2Fv2%2Fcomments&post=64"}],"version-history":[{"count":11,"href":"http:\/\/www.grundschule-freinsheim.de\/index.php?rest_route=\/wp\/v2\/pages\/64\/revisions"}],"predecessor-version":[{"id":1025,"href":"http:\/\/www.grundschule-freinsheim.de\/index.php?rest_route=\/wp\/v2\/pages\/64\/revisions\/1025"}],"wp:attachment":[{"href":"http:\/\/www.grundschule-freinsheim.de\/index.php?rest_route=%2Fwp%2Fv2%2Fmedia&parent=64"}],"curies":[{"name":"wp","href":"https:\/\/api.w.org\/{rel}","templated":true}]}}