{"id":38,"date":"2019-10-08T18:10:47","date_gmt":"2019-10-08T16:10:47","guid":{"rendered":"http:\/\/wp13417484.server-he.de\/?page_id=38"},"modified":"2019-10-08T18:10:48","modified_gmt":"2019-10-08T16:10:48","slug":"soziales-lernen","status":"publish","type":"page","link":"http:\/\/www.grundschule-freinsheim.de\/?page_id=38","title":{"rendered":"Soziales Lernen"},"content":{"rendered":"\n<p>In Kooperation mit dem Jugendamt Bad\nD\u00fcrkheim arbeiten wir mit der Schulsozialarbeiterin Frau Michaela Breivogel\nzusammen, die in das t\u00e4gliche Schulleben eingebunden ist. Schulsozialarbeit ist ein Beratungs- und Unterst\u00fctzungsangebot\nf\u00fcr Sch\u00fcler\/innen, Eltern \/ Erziehungsberechtigte und Lehrer\/innen.<\/p>\n\n\n\n<p>Arbeitsschwerpunkte: <\/p>\n\n\n\n<ul><li><em>Soziales Kompetenztraining in Klassen <\/em><\/li><li><em>Individuelle F\u00f6rderung <\/em><\/li><li><em>Unterst\u00fctzung im Einzelfall und Beratung<\/em><\/li><li><em>Kooperation au\u00dferhalb der Schule <\/em><\/li><\/ul>\n\n\n\n<p><strong>Ansprechpartnerin der Hermann-\nSinsheimer- Grundschule Freinsheim: &nbsp;<\/strong><\/p>\n\n\n\n<p>Frau Michaela Breivogel<\/p>\n\n\n\n<p><strong>Tel.: <\/strong>0151 &#8211;\n61357333 <\/p>\n\n\n\n<p><strong>E-Mail-Adresse: \u00a0<\/strong><a href=\"mailto:Michaela.Breivogel@kreis-bad-duerkheim.de\">Michaela.Breivogel@kreis-bad-duerkheim.de<\/a><\/p>\n\n\n\n<p><strong>Sprechstunde: <\/strong>Termine nach Vereinbarung <\/p>\n","protected":false},"excerpt":{"rendered":"<p>In Kooperation mit dem Jugendamt Bad D\u00fcrkheim arbeiten wir mit der Schulsozialarbeiterin Frau Michaela Breivogel zusammen, die in das t\u00e4gliche Schulleben eingebunden ist. Schulsozialarbeit ist ein Beratungs- und Unterst\u00fctzungsangebot f\u00fcr Sch\u00fcler\/innen, Eltern \/ Erziehungsberechtigte und Lehrer\/innen. Arbeitsschwerpunkte: Soziales Kompetenztraining in &hellip; <\/p>\n","protected":false},"author":1,"featured_media":0,"parent":0,"menu_order":0,"comment_status":"closed","ping_status":"closed","template":"","meta":[],"_links":{"self":[{"href":"http:\/\/www.grundschule-freinsheim.de\/index.php?rest_route=\/wp\/v2\/pages\/38"}],"collection":[{"href":"http:\/\/www.grundschule-freinsheim.de\/index.php?rest_route=\/wp\/v2\/pages"}],"about":[{"href":"http:\/\/www.grundschule-freinsheim.de\/index.php?rest_route=\/wp\/v2\/types\/page"}],"author":[{"embeddable":true,"href":"http:\/\/www.grundschule-freinsheim.de\/index.php?rest_route=\/wp\/v2\/users\/1"}],"replies":[{"embeddable":true,"href":"http:\/\/www.grundschule-freinsheim.de\/index.php?rest_route=%2Fwp%2Fv2%2Fcomments&post=38"}],"version-history":[{"count":1,"href":"http:\/\/www.grundschule-freinsheim.de\/index.php?rest_route=\/wp\/v2\/pages\/38\/revisions"}],"predecessor-version":[{"id":39,"href":"http:\/\/www.grundschule-freinsheim.de\/index.php?rest_route=\/wp\/v2\/pages\/38\/revisions\/39"}],"wp:attachment":[{"href":"http:\/\/www.grundschule-freinsheim.de\/index.php?rest_route=%2Fwp%2Fv2%2Fmedia&parent=38"}],"curies":[{"name":"wp","href":"https:\/\/api.w.org\/{rel}","templated":true}]}}