{"id":25,"date":"2019-10-08T10:19:43","date_gmt":"2019-10-08T08:19:43","guid":{"rendered":"http:\/\/wp13417484.server-he.de\/?page_id=25"},"modified":"2024-02-20T18:09:28","modified_gmt":"2024-02-20T16:09:28","slug":"nachmittag","status":"publish","type":"page","link":"http:\/\/www.grundschule-freinsheim.de\/?page_id=25","title":{"rendered":"Nachmittag"},"content":{"rendered":"\n<p> Der Grundschule ist eine&nbsp;<strong>Betreuende Grundschule<\/strong>&nbsp;angeschlossen. <\/p>\n\n\n\n<p>Das Betreuungsangebot findet im Schuljahr 2023\/2024 montags bis freitags in der Zeit von 12.00 Uhr \u2013 15.00 Uhr statt. <\/p>\n\n\n\n<p>Es besteht die M\u00f6glichkeit, ein Mittagessen f\u00fcr die Kinder zu buchen. Informationen erhalten Sie dazu \u00fcber die Verbandsgemeindeverwaltung in Freinsheim \u00fcber <strong>Frau Patricia Flemming<\/strong> unter der Telefonnummer 06353\/9357-221. <\/p>\n","protected":false},"excerpt":{"rendered":"<p>Der Grundschule ist eine&nbsp;Betreuende Grundschule&nbsp;angeschlossen. Das Betreuungsangebot findet im Schuljahr 2023\/2024 montags bis freitags in der Zeit von 12.00 Uhr \u2013 15.00 Uhr statt. Es besteht die M\u00f6glichkeit, ein Mittagessen f\u00fcr die Kinder zu buchen. Informationen erhalten Sie dazu \u00fcber &hellip; <\/p>\n","protected":false},"author":1,"featured_media":186,"parent":0,"menu_order":0,"comment_status":"closed","ping_status":"closed","template":"","meta":[],"_links":{"self":[{"href":"http:\/\/www.grundschule-freinsheim.de\/index.php?rest_route=\/wp\/v2\/pages\/25"}],"collection":[{"href":"http:\/\/www.grundschule-freinsheim.de\/index.php?rest_route=\/wp\/v2\/pages"}],"about":[{"href":"http:\/\/www.grundschule-freinsheim.de\/index.php?rest_route=\/wp\/v2\/types\/page"}],"author":[{"embeddable":true,"href":"http:\/\/www.grundschule-freinsheim.de\/index.php?rest_route=\/wp\/v2\/users\/1"}],"replies":[{"embeddable":true,"href":"http:\/\/www.grundschule-freinsheim.de\/index.php?rest_route=%2Fwp%2Fv2%2Fcomments&post=25"}],"version-history":[{"count":6,"href":"http:\/\/www.grundschule-freinsheim.de\/index.php?rest_route=\/wp\/v2\/pages\/25\/revisions"}],"predecessor-version":[{"id":1024,"href":"http:\/\/www.grundschule-freinsheim.de\/index.php?rest_route=\/wp\/v2\/pages\/25\/revisions\/1024"}],"wp:featuredmedia":[{"embeddable":true,"href":"http:\/\/www.grundschule-freinsheim.de\/index.php?rest_route=\/wp\/v2\/media\/186"}],"wp:attachment":[{"href":"http:\/\/www.grundschule-freinsheim.de\/index.php?rest_route=%2Fwp%2Fv2%2Fmedia&parent=25"}],"curies":[{"name":"wp","href":"https:\/\/api.w.org\/{rel}","templated":true}]}}