{"id":23,"date":"2019-10-08T10:19:13","date_gmt":"2019-10-08T08:19:13","guid":{"rendered":"http:\/\/wp13417484.server-he.de\/?page_id=23"},"modified":"2024-02-20T18:06:11","modified_gmt":"2024-02-20T16:06:11","slug":"unsere-schule","status":"publish","type":"page","link":"http:\/\/www.grundschule-freinsheim.de\/?page_id=23","title":{"rendered":"Unsere Schule"},"content":{"rendered":"\n<p><\/p>\n\n\n\n<p><\/p>\n\n\n\n<p><\/p>\n\n\n\n<p>Im Schuljahr 2023\/2024 wird die Grundschule von 117 Kindern besucht.\u00a0<\/p>\n\n\n\n<p>Die Hermann-Sinsheimer-Grundschule ist eine<strong> Halbtagsschule<\/strong>. \u00dcber die sogenannte <em>Volle Halbtagsschule <\/em>soll eine verl\u00e4ssliche Betreuung der Grundsch\u00fcler\/innen im  Zeitraum von 07.50 Uhr bis 12.00 Uhr bzw. 13.00 Uhr gew\u00e4hrleistet werden.  <\/p>\n\n\n\n<p>Erg\u00e4nzt wird dies durch die<strong> Betreuende Grundschule<\/strong> (siehe <strong>Nachmittag<\/strong>).  <\/p>\n","protected":false},"excerpt":{"rendered":"<p>Im Schuljahr 2023\/2024 wird die Grundschule von 117 Kindern besucht.\u00a0 Die Hermann-Sinsheimer-Grundschule ist eine Halbtagsschule. \u00dcber die sogenannte Volle Halbtagsschule soll eine verl\u00e4ssliche Betreuung der Grundsch\u00fcler\/innen im Zeitraum von 07.50 Uhr bis 12.00 Uhr bzw. 13.00 Uhr gew\u00e4hrleistet werden. Erg\u00e4nzt &hellip; <\/p>\n","protected":false},"author":1,"featured_media":190,"parent":0,"menu_order":0,"comment_status":"closed","ping_status":"closed","template":"","meta":[],"_links":{"self":[{"href":"http:\/\/www.grundschule-freinsheim.de\/index.php?rest_route=\/wp\/v2\/pages\/23"}],"collection":[{"href":"http:\/\/www.grundschule-freinsheim.de\/index.php?rest_route=\/wp\/v2\/pages"}],"about":[{"href":"http:\/\/www.grundschule-freinsheim.de\/index.php?rest_route=\/wp\/v2\/types\/page"}],"author":[{"embeddable":true,"href":"http:\/\/www.grundschule-freinsheim.de\/index.php?rest_route=\/wp\/v2\/users\/1"}],"replies":[{"embeddable":true,"href":"http:\/\/www.grundschule-freinsheim.de\/index.php?rest_route=%2Fwp%2Fv2%2Fcomments&post=23"}],"version-history":[{"count":11,"href":"http:\/\/www.grundschule-freinsheim.de\/index.php?rest_route=\/wp\/v2\/pages\/23\/revisions"}],"predecessor-version":[{"id":1031,"href":"http:\/\/www.grundschule-freinsheim.de\/index.php?rest_route=\/wp\/v2\/pages\/23\/revisions\/1031"}],"wp:featuredmedia":[{"embeddable":true,"href":"http:\/\/www.grundschule-freinsheim.de\/index.php?rest_route=\/wp\/v2\/media\/190"}],"wp:attachment":[{"href":"http:\/\/www.grundschule-freinsheim.de\/index.php?rest_route=%2Fwp%2Fv2%2Fmedia&parent=23"}],"curies":[{"name":"wp","href":"https:\/\/api.w.org\/{rel}","templated":true}]}}