{"id":21,"date":"2019-10-08T09:50:29","date_gmt":"2019-10-08T07:50:29","guid":{"rendered":"http:\/\/wp13417484.server-he.de\/?page_id=21"},"modified":"2024-02-20T17:18:37","modified_gmt":"2024-02-20T15:18:37","slug":"impressum","status":"publish","type":"page","link":"http:\/\/www.grundschule-freinsheim.de\/?page_id=21","title":{"rendered":"Impressum"},"content":{"rendered":"\n<p>\nHermann-Sinsheimer-Grundschule<br> Haintorstr. 27<br> 67251 Freinsheim<br><br> Schultr\u00e4ger:<br> Verbandsgemeinde Freinsheim<br> Bahnhofstra\u00dfe 12<br> 67251 Freinsheim<br><br> Vertretungsberechtigt:<br> Stefanie Scholz, Schulleiterin <\/p>\n\n\n\n<p> Kontakt:<br> Telefon: 06353 4209<br> Telefax: 06353 3661<br> E-Mail: <a href=\"mailto:grundschule-freinsheim@vg-freinsheim.de\">grundschule-freinsheim@vg-freinsheim.de<\/a><\/p>\n\n\n\n<p> Verantwortlicher i.S.d. \u00a7 6 Abs. 2 MDStV:<br> Stefanie Scholz, Hermann-Sinsheimer-Grundschule, Haintorstr. 27, 67251 Freinsheim &nbsp; <\/p>\n\n\n\n<p><strong>Technische Umsetzung \/ Hosting: <\/strong><\/p>\n\n\n\n<p><em>Verbandsgemeinde Freinsheim<\/em><\/p>\n\n\n\n<p><em>Bahnhofstr.12<\/em><\/p>\n\n\n\n<p><em>67251 Freinsheim<\/em><\/p>\n\n\n\n<p><br> Haftungshinweis: <br> Trotz sorgf\u00e4ltiger  inhaltlicher Kontrolle \u00fcbernehmen wir keine Haftung f\u00fcr die Inhalte  externer Links. F\u00fcr den Inhalt der verlinkten Seiten sind ausschlie\u00dflich  deren Betreiber verantwortlich. <\/p>\n\n\n\n<p><br><\/p>\n\n\n\n<p><strong>1.\nInhalt des Onlineangebotes<\/strong><\/p>\n\n\n\n<p>Die Inhalte unserer Schulhomepage www.grundschule-freinsheim.de sollen Ihnen den Zugang zu Informationen \u00fcber unsere Schule erleichtern und ein zutreffendes Bild von den T\u00e4tigkeiten, Aktivit\u00e4ten und dem Leben der Grundschule Hermann-Sinsheimer-Grundschule sowie der dort befindlichen Sch\u00fclerinnen und Sch\u00fcler vermitteln.<\/p>\n\n\n\n<p>Auf die Richtigkeit, Aktualit\u00e4t, Vollst\u00e4ndigkeit, Verst\u00e4ndlichkeit und Verf\u00fcgbarkeit der bereitgestellten Informationen wird zwar sehr sorgf\u00e4ltig geachtet, dennoch \u00fcbernimmt die Hermann-Sinsheimer-Grundschule keinerlei Gew\u00e4hr f\u00fcr die Richtigkeit, Vollst\u00e4ndigkeit, Verf\u00fcgbarkeit oder Aktualit\u00e4t der bereitgestellten Inhalte.<\/p>\n\n\n\n<p>Die Hermann-Sinsheimer-Grundschule haftet nicht f\u00fcr Sch\u00e4den materieller oder immaterieller Art, die durch die Nutzung oder Nichtnutzung angebotener Informationen oder dieses Internetangebots entstehen. F\u00fcr etwaige Sch\u00e4den, die beim Aufrufen oder Herunterladen von Daten durch Schadsoftware oder der Installation oder Nutzung von Software verursacht werden, wird nicht gehaftet, sofern seitens der Schule kein nachweislich vors\u00e4tzliches oder grob fahrl\u00e4ssiges Verschulden vorliegt. Ein Vertragsverh\u00e4ltnis mit den Nutzern des Internetangebots kommt nicht zustande.<\/p>\n\n\n\n<p>Alle Angebote sind freibleibend und unverbindlich. Die Hermann-Sinsheimer-Grundschule beh\u00e4lt es sich ausdr\u00fccklich vor, Teile der Seiten oder das gesamte Angebot ohne gesonderte Ank\u00fcndigung zu ver\u00e4ndern, zu erg\u00e4nzen, zu l\u00f6schen oder die Ver\u00f6ffentlichung zeitweise oder endg\u00fcltig einzustellen.<br><br> <\/p>\n\n\n\n<p><strong>2.\nInhalte anderweitiger Anbieter (Verweise und externe Links):<\/strong><br><br>\n<\/p>\n\n\n\n<p>Die auf diesen Seiten evtl. vorhandenen direkten oder indirekten Verweise (\u201cLinks\u201c) zu Inhalten von Internetseiten Dritter (&#8222;fremden Inhalten&#8220;) wurden durch die Hermann-Sinsheimer-Grundschule nach bestem Wissen und unter Beachtung gr\u00f6\u00dftm\u00f6glicher Sorgfalt erstellt und vermitteln lediglich den Zugang zu &#8222;fremden Inhalten&#8220;. Dabei wurde auf die Vertrauensw\u00fcrdigkeit dritter Anbieter und die Fehlerfreiheit sowie Rechtm\u00e4\u00dfigkeit der &#8222;fremden Inhalte&#8220; besonders geachtet.<\/p>\n\n\n\n<p><br>Da jedoch der Inhalt von Internetseiten dynamisch ist und sich jederzeit \u00e4ndern kann, ist eine stetige Einzelfallpr\u00fcfung s\u00e4mtlicher Inhalte, auf die ein Verweis oder externer Link erstellt wurde, nicht in jedem Fall m\u00f6glich. Die Hermann-Sinsheimer-Grundschule macht sich deshalb den Inhalt von Internetseiten Dritter, die mit der eigenen Internetpr\u00e4senz verlinkt sind, insoweit ausdr\u00fccklich nicht zu eigen.  <\/p>\n\n\n\n<p>F\u00fcr\nSch\u00e4den aus der Nutzung oder Nichtnutzung &#8222;fremder Inhalte&#8220;\nhaftet ausschlie\u00dflich der jeweilige Anbieter der Seite, auf die\nverwiesen wurde.<\/p>\n\n\n\n<p><strong>3.\nUrheberrecht:<\/strong><\/p>\n\n\n\n<p>Alle Inhalte und Strukturen dieser Website sind urheberrechtlich gesch\u00fctzt. Die Ver\u00f6ffentlichung im World Wide Web oder in sonstigen Diensten des Internet bedeutet noch keine Einverst\u00e4ndniserkl\u00e4rung f\u00fcr eine anderweitige Nutzung durch Dritte. Die anderweitige Nutzung des hier bereitgestellten Informationsmaterials \u00fcber die Schule ist daher nicht zul\u00e4ssig. Auf den Webseiten zur Verf\u00fcgung gestellte Texte, Textteile, Grafiken, Tabellen sowie Ton-, Video- oder Bildmaterialien von Sch\u00fclerinnen und Sch\u00fcler oder Lehrkr\u00e4fte der Schule, d\u00fcrfen ohne vorherige Zustimmung der Hermann-Sinsheimer-Grundschule nicht vervielf\u00e4ltigt, nicht verbreitet und nicht ausgestellt werden.<\/p>\n\n\n\n<p><strong>4.\nDatenschutz <\/strong>\n<\/p>\n\n\n\n<p>Die\nNutzung der im Rahmen des Impressums oder vergleichbarer Angaben\nver\u00f6ffentlichten Kontaktdaten wie Postanschriften, Telefon- und\nFaxnummern sowie Emailadressen durch Dritte zur \u00dcbersendung von\nnicht ausdr\u00fccklich angeforderten Informationen oder Werbung ist\nnicht gestattet. Rechtliche Schritte gegen die Versender von\nsogenannten Spam-Mails bei Verst\u00f6\u00dfen gegen dieses Verbot sind\nausdr\u00fccklich vorbehalten.<\/p>\n\n\n\n<p><strong>5.\nRechtswirksamkeit dieses Haftungsausschlusses <\/strong>\n<\/p>\n\n\n\n<p>Dieser\nHaftungsausschluss ist als Teil des Internetangebotes zu betrachten,\nvon dem aus auf diese Seite verwiesen wurde. Sofern Teile oder\neinzelne Formulierungen dieses Textes der geltenden Rechtslage nicht,\nnicht mehr oder nicht vollst\u00e4ndig entsprechen sollten, bleiben die\n\u00fcbrigen Teile des Dokumentes in ihrem Inhalt und ihrer G\u00fcltigkeit\ndavon unber\u00fchrt. \n<\/p>\n\n\n\n<p><strong>Fehlermeldungen:<\/strong><\/p>\n\n\n\n<p><br>Die Hermann-Sinsheimer-Grundschule bittet die Nutzer von<em> www.grundschule-freinsheim.de<\/em>, auf rechtswidrige oder fehlerhafte Inhalte Dritter, zu denen in der Internetpr\u00e4senz ein Link unterhalten wird, ggf. aufmerksam zu machen. Ebenso wird um eine Nachricht unter der angegebenen Kontaktadresse gebeten, wenn eigene Inhalte nicht fehlerfrei, aktuell, vollst\u00e4ndig, verf\u00fcgbar oder verst\u00e4ndlich sind.<\/p>\n\n\n\n<p> Alle Rechte vorbehalten. Die \nInformationen sind Eigentum der Hermann-Sinsheimer Grundschule, \nFreinsheim. Sie stellen die zum Zeitpunkt der Publikation neuesten \nInformationen dar. Die Hermann-Sinsheimer Grundschule, Freinsheim beh\u00e4lt\n sich das Recht vor, bei Bedarf \u00c4nderungen durchzuf\u00fchren. Aus den in \ndieser Dokumentation beschriebenen Themenbereichen k\u00f6nnen keine \nRechtsanspr\u00fcche abgeleitet werden. Die Inhalte d\u00fcrfen weder ganz oder \nteilweise ohne vorherige schriftliche Genehmigung des Urhebers \nvervielf\u00e4ltigt und \/ oder ver\u00f6ffentlicht oder in einem \nInformationssystem gespeichert werden. <\/p>\n\n\n\n<p> Haftung f\u00fcr fremde Inhalte <br>  Die aufgef\u00fchrten externen Links f\u00fchren zu Inhalten fremder Anbieter. F\u00fcr  diese Inhalte ist der jeweilige Anbieter verantwortlich. Externe Links  sind als solche gekennzeichnet. Wir weisen darauf hin, dass wir uns die  dort aufgef\u00fchrten Inhalte nicht zueigen machen und uns von diesen  Inhalten ausdr\u00fccklich distanzieren. Die fremden Seiten wurden in  zumutbarem Rahmen auf strafrechtlich relevante Inhalte oder andere  Rechtsverletzungen \u00fcberpr\u00fcft. Bei Bekannt werden von Rechtsverletzungen  werden diese Links umgehend entfernt. <\/p>\n","protected":false},"excerpt":{"rendered":"<p>Hermann-Sinsheimer-Grundschule Haintorstr. 27 67251 Freinsheim Schultr\u00e4ger: Verbandsgemeinde Freinsheim Bahnhofstra\u00dfe 12 67251 Freinsheim Vertretungsberechtigt: Stefanie Scholz, Schulleiterin Kontakt: Telefon: 06353 4209 Telefax: 06353 3661 E-Mail: grundschule-freinsheim@vg-freinsheim.de Verantwortlicher i.S.d. \u00a7 6 Abs. 2 MDStV: Stefanie Scholz, Hermann-Sinsheimer-Grundschule, Haintorstr. 27, 67251 Freinsheim &nbsp; &hellip; <\/p>\n","protected":false},"author":1,"featured_media":0,"parent":0,"menu_order":0,"comment_status":"closed","ping_status":"closed","template":"","meta":[],"_links":{"self":[{"href":"http:\/\/www.grundschule-freinsheim.de\/index.php?rest_route=\/wp\/v2\/pages\/21"}],"collection":[{"href":"http:\/\/www.grundschule-freinsheim.de\/index.php?rest_route=\/wp\/v2\/pages"}],"about":[{"href":"http:\/\/www.grundschule-freinsheim.de\/index.php?rest_route=\/wp\/v2\/types\/page"}],"author":[{"embeddable":true,"href":"http:\/\/www.grundschule-freinsheim.de\/index.php?rest_route=\/wp\/v2\/users\/1"}],"replies":[{"embeddable":true,"href":"http:\/\/www.grundschule-freinsheim.de\/index.php?rest_route=%2Fwp%2Fv2%2Fcomments&post=21"}],"version-history":[{"count":6,"href":"http:\/\/www.grundschule-freinsheim.de\/index.php?rest_route=\/wp\/v2\/pages\/21\/revisions"}],"predecessor-version":[{"id":1026,"href":"http:\/\/www.grundschule-freinsheim.de\/index.php?rest_route=\/wp\/v2\/pages\/21\/revisions\/1026"}],"wp:attachment":[{"href":"http:\/\/www.grundschule-freinsheim.de\/index.php?rest_route=%2Fwp%2Fv2%2Fmedia&parent=21"}],"curies":[{"name":"wp","href":"https:\/\/api.w.org\/{rel}","templated":true}]}}