{"id":2,"date":"2014-04-10T12:58:30","date_gmt":"2014-04-10T12:58:30","guid":{"rendered":"http:\/\/wp12095842.server-he.de\/wordpress\/?page_id=2"},"modified":"2025-08-14T11:28:14","modified_gmt":"2025-08-14T09:28:14","slug":"beispiel-seite","status":"publish","type":"page","link":"http:\/\/www.grundschule-freinsheim.de\/?page_id=2","title":{"rendered":"Unser Kollegium"},"content":{"rendered":"\n<div class=\"is-layout-flow wp-block-group\"><div class=\"wp-block-group__inner-container\">\n<div class=\"is-layout-flex wp-container-4 wp-block-columns\">\n<div class=\"is-layout-flow wp-block-column\" style=\"flex-basis:100%\">\n<div class=\"is-layout-flex wp-container-2 wp-block-columns\">\n<div class=\"is-layout-flow wp-block-column\" style=\"flex-basis:100%\">\n<figure class=\"wp-block-table\"><table><tbody><tr><td>Frau Scholz<\/td><td>Schulleitung<\/td><\/tr><tr><td>Frau Fehling<\/td><td>Klasse 1a<\/td><\/tr><tr><td>Frau Lange<\/td><td>Klasse 1b<\/td><\/tr><tr><td>Frau Eitelmann-Rohr<\/td><td>Klasse 2a<\/td><\/tr><tr><td>Frau Schulthei\u00df<\/td><td>Klasse 2b<\/td><\/tr><tr><td>Frau Cecco<\/td><td>Klasse 3a<\/td><\/tr><tr><td>Frau Wagner<\/td><td>Klasse 3b<\/td><\/tr><tr><td>Frau Thomsen<\/td><td>Klasse 4a<\/td><\/tr><tr><td>Frau D\u00f6rzapf<\/td><td>Klasse 4b<\/td><\/tr><tr><td>Frau L\u00f6ser<\/td><td>Fachlehrerin<\/td><\/tr><tr><td>Frau Graichgauer<\/td><td>Lehramtsanw\u00e4rterin<\/td><\/tr><tr><td>Frau Buchholzer-Rodach<\/td><td>Sekretariat<\/td><\/tr><tr><td>Herr Engel<\/td><td>Hausdienste<\/td><\/tr><\/tbody><\/table><\/figure>\n<\/div>\n<\/div>\n<\/div>\n<\/div>\n\n\n\n<p><\/p>\n<\/div><\/div>\n\n\n\n<p><\/p>\n","protected":false},"excerpt":{"rendered":"<p>Frau Scholz Schulleitung Frau Fehling Klasse 1a Frau Lange Klasse 1b Frau Eitelmann-Rohr Klasse 2a Frau Schulthei\u00df Klasse 2b Frau Cecco Klasse 3a Frau Wagner Klasse 3b Frau Thomsen Klasse 4a Frau D\u00f6rzapf Klasse 4b Frau L\u00f6ser Fachlehrerin Frau Graichgauer &hellip; <\/p>\n","protected":false},"author":1,"featured_media":0,"parent":71,"menu_order":0,"comment_status":"closed","ping_status":"open","template":"","meta":[],"_links":{"self":[{"href":"http:\/\/www.grundschule-freinsheim.de\/index.php?rest_route=\/wp\/v2\/pages\/2"}],"collection":[{"href":"http:\/\/www.grundschule-freinsheim.de\/index.php?rest_route=\/wp\/v2\/pages"}],"about":[{"href":"http:\/\/www.grundschule-freinsheim.de\/index.php?rest_route=\/wp\/v2\/types\/page"}],"author":[{"embeddable":true,"href":"http:\/\/www.grundschule-freinsheim.de\/index.php?rest_route=\/wp\/v2\/users\/1"}],"replies":[{"embeddable":true,"href":"http:\/\/www.grundschule-freinsheim.de\/index.php?rest_route=%2Fwp%2Fv2%2Fcomments&post=2"}],"version-history":[{"count":55,"href":"http:\/\/www.grundschule-freinsheim.de\/index.php?rest_route=\/wp\/v2\/pages\/2\/revisions"}],"predecessor-version":[{"id":1190,"href":"http:\/\/www.grundschule-freinsheim.de\/index.php?rest_route=\/wp\/v2\/pages\/2\/revisions\/1190"}],"up":[{"embeddable":true,"href":"http:\/\/www.grundschule-freinsheim.de\/index.php?rest_route=\/wp\/v2\/pages\/71"}],"wp:attachment":[{"href":"http:\/\/www.grundschule-freinsheim.de\/index.php?rest_route=%2Fwp%2Fv2%2Fmedia&parent=2"}],"curies":[{"name":"wp","href":"https:\/\/api.w.org\/{rel}","templated":true}]}}